{"id":183,"date":"2017-03-09T21:18:14","date_gmt":"2017-03-09T21:18:14","guid":{"rendered":"http:\/\/passia.de\/?page_id=183"},"modified":"2020-02-27T11:45:49","modified_gmt":"2020-02-27T11:45:49","slug":"franklin-methode","status":"publish","type":"page","link":"http:\/\/passia.de\/?page_id=183","title":{"rendered":"Sitzschulung &#8211; Franklin B\u00e4lle"},"content":{"rendered":"<p>Ich arbeite nach der Franklin Methode mit den B\u00e4llen, Rollen und B\u00e4ndern an den k\u00f6rperlichen Defiziten mit Hilfe des Pferdes\/Reitens. Diese Methode ist eine Faszienmethode und sehr gut f\u00fcr Probleme bei erfahrenen Reitern geeignet, aber genauso auch bei Anf\u00e4ngern. Es kann Muskelkater ausgel\u00f6st werden oder Emotionen. Bei mehrfacher Anwendung habe ich ausschlie\u00dflich positive Erfahrungen gemacht, der K\u00f6rper kann durch diese Methode sehr gut seine Defizite selbst regulieren, die bei Erwachsenen st\u00e4rker vorhanden sind als bei Kindern. Die Methode begeistert allerdings auch Kinder. Reiten ist auch Gesundheitssport :-).<\/p>\n<p><span style=\"text-decoration: underline;\"><img loading=\"lazy\" decoding=\"async\" class=\"alignnone size-medium wp-image-198\" src=\"http:\/\/passia.de\/wp-content\/uploads\/2017\/03\/IMG_1363-e1489097060260-225x300.jpg\" alt=\"IMG_1363\" width=\"225\" height=\"300\" srcset=\"http:\/\/passia.de\/wp-content\/uploads\/2017\/03\/IMG_1363-e1489097060260-225x300.jpg 225w, http:\/\/passia.de\/wp-content\/uploads\/2017\/03\/IMG_1363-e1489097060260-768x1024.jpg 768w\" sizes=\"auto, (max-width: 225px) 100vw, 225px\" \/><\/span><\/p>\n<p>Gerne komme ich daf\u00fcr auch zu Ihnen in den Stall. Pferde reagieren in der Regel entspannt und gut, da der Reiter lockerer ist.<\/p>\n","protected":false},"excerpt":{"rendered":"<p>Ich arbeite nach der Franklin Methode mit den B\u00e4llen, Rollen und B\u00e4ndern an den k\u00f6rperlichen Defiziten mit Hilfe des Pferdes\/Reitens. Diese Methode ist eine Faszienmethode und sehr gut f\u00fcr Probleme bei erfahrenen Reitern geeignet, aber genauso auch bei Anf\u00e4ngern. Es kann Muskelkater ausgel\u00f6st werden oder Emotionen. Bei mehrfacher Anwendung habe ich ausschlie\u00dflich positive Erfahrungen gemacht, der K\u00f6rper kann durch diese Methode sehr gut seine Defizite selbst regulieren, die bei Erwachsenen st\u00e4rker vorhanden sind als bei Kindern. Die Methode begeistert allerdings <a class=\"more-link\" href=\"http:\/\/passia.de\/?page_id=183\">weiterlesen&#8230;<\/a><\/p>\n","protected":false},"author":1,"featured_media":0,"parent":14,"menu_order":0,"comment_status":"closed","ping_status":"closed","template":"","meta":{"footnotes":""},"class_list":["post-183","page","type-page","status-publish","hentry"],"_links":{"self":[{"href":"http:\/\/passia.de\/index.php?rest_route=\/wp\/v2\/pages\/183","targetHints":{"allow":["GET"]}}],"collection":[{"href":"http:\/\/passia.de\/index.php?rest_route=\/wp\/v2\/pages"}],"about":[{"href":"http:\/\/passia.de\/index.php?rest_route=\/wp\/v2\/types\/page"}],"author":[{"embeddable":true,"href":"http:\/\/passia.de\/index.php?rest_route=\/wp\/v2\/users\/1"}],"replies":[{"embeddable":true,"href":"http:\/\/passia.de\/index.php?rest_route=%2Fwp%2Fv2%2Fcomments&post=183"}],"version-history":[{"count":4,"href":"http:\/\/passia.de\/index.php?rest_route=\/wp\/v2\/pages\/183\/revisions"}],"predecessor-version":[{"id":388,"href":"http:\/\/passia.de\/index.php?rest_route=\/wp\/v2\/pages\/183\/revisions\/388"}],"up":[{"embeddable":true,"href":"http:\/\/passia.de\/index.php?rest_route=\/wp\/v2\/pages\/14"}],"wp:attachment":[{"href":"http:\/\/passia.de\/index.php?rest_route=%2Fwp%2Fv2%2Fmedia&parent=183"}],"curies":[{"name":"wp","href":"https:\/\/api.w.org\/{rel}","templated":true}]}}