{"id":253,"date":"2017-12-29T18:07:04","date_gmt":"2017-12-29T18:07:04","guid":{"rendered":"http:\/\/passia.de\/?page_id=253"},"modified":"2018-07-15T11:36:00","modified_gmt":"2018-07-15T11:36:00","slug":"agbs","status":"publish","type":"page","link":"http:\/\/passia.de\/?page_id=253","title":{"rendered":"AGBs"},"content":{"rendered":"<p><strong><span style=\"text-decoration: underline;\">Allgemeine Gesch\u00e4ftsbedingungen<\/span><\/strong><\/p>\n<p><b>Teilnahme<\/b> <b>und<\/b> <b>Anmeldung:<\/b><\/p>\n<p>Eine Terminvereinbarung oder Kursteilnahme ist nur bei schriftlicher Anmeldung per Email vor Anmeldeschluss m\u00f6glich. Eine telefonische Absprache ersetzt keine schriftliche An- oder Abmeldung.<\/p>\n<p>&nbsp;<\/p>\n<p><strong>Bezahlung:<\/strong><\/p>\n<p>Sie k\u00f6nnen per \u00dcberweisung bezahlen oder in bar sp\u00e4testens vor Beginn der Reiteinheit. Bei Erstbuchung m\u00fcssen 50% der Geb\u00fchr im Voraus per \u00dcberweisung angezahlt werden.<\/p>\n<p>&nbsp;<\/p>\n<p><strong>Anmeldebest\u00e4tigung:<\/strong><\/p>\n<p>Eine Best\u00e4tigung der Kursanmeldung erfolgt per E-Mail oder aber pers\u00f6nlich.<\/p>\n<p>&nbsp;<\/p>\n<p><strong>R\u00fccktritt:<\/strong><\/p>\n<p>Bei R\u00fccktritt von einem fest vereinbarten Termin\/Probetermin OHNE rechtzeitige Abmeldung (schriftlich 24 Stunden vor Start des Termins) werden 50% der Kosten f\u00e4llig. Bei einer Abmeldung weniger als 12 Stunden vor Start der Stunde werden die vollen Kosten f\u00e4llig. Bei R\u00fccktritt von einem verbindlich gebuchten Kurs\/Ausritt OHNE rechtzeitige Abmeldung (4 Tage vor Kursstart\/Ausritt), werden die vollen Kosten f\u00e4llig. Nichtteilnahme gilt nicht als Abmeldung und zieht ebenfalls die Einforderung der gesamten Lehrgangsgeb\u00fchren\/Unterrichtsgeb\u00fchren nach sich. Es werden nur schriftliche Absagen entgegengenommen.<\/p>\n<p>Bei Erkrankung w\u00e4hrend des Kurses bzw. am Tag des Termins erfolgt keine Erstattung. Aus Kulanz kann ein Teil der Kosten f\u00fcr eine Neubuchung verrechnet werden, dies wird nach eigenem Ermessen von PASSIA entschieden.<\/p>\n<p>Es ist erlaubt einen ad\u00e4quaten Ersatzreiter zu stellen. PASSIA ist dar\u00fcber im Vorfeld zu informieren.<\/p>\n<p>Gutscheine werden nicht in bar ausgezahlt.<\/p>\n<p>Schlechtes Wetter ist kein Grund den Termin\/Kurs nicht anzutreten oder zu sp\u00e4t abzusagen.<\/p>\n<p>&nbsp;<\/p>\n<p><b>Reittherapeutische Einheiten:<\/b><\/p>\n<p>Eine \u00dcbernahme durch Krankenkassen\/Vereine\/\u00c4mter muss selbst\u00e4ndig \u00fcberpr\u00fcft werden. Es muss grunds\u00e4tzlich zun\u00e4chst privat bezahlt werden. Eine \u00dcbernahme ist in manchen F\u00e4llen durchaus m\u00f6glich. PASSIA ist bei allen geforderten Unterlagen und Berichten unterst\u00fctzend t\u00e4tig, die Anfertigung eines Krankenberichtes ist kostenpflichtig.<\/p>\n<p>Die Einheit muss im Vorfeld bezahlt werden per \u00dcberweisung oder in bar. Die schriftliche Absagefrist liegt bei 24 Stunden (siehe Punkt &#8222;R\u00fccktritt&#8220;).<\/p>\n<p>&nbsp;<\/p>\n<p><strong>Unterbelegung:<\/strong><\/p>\n<p>Bei Unterbelegung eines Kurses beh\u00e4lt sich PASSIA vor, die Geb\u00fchren anteilig zu erh\u00f6hen, den Kurs zu k\u00fcrzen, zu verlegen bzw. zu streichen.<\/p>\n<p>&nbsp;<\/p>\n<p><strong>Haftung:<\/strong><\/p>\n<p>Bei Unf\u00e4llen, Sch\u00e4den und Verlusten k\u00f6nnen keine Haftungsanspr\u00fcche gegen\u00fcber PASSIA geltend gemacht werden. Es ist in allen Unterrichtseinheiten\/Ausritten\/Kursen mit vorschriftsm\u00e4\u00dfiger und vollst\u00e4ndiger Reitkleidung und Reitkappe zu reiten und zu arbeiten. Es besteht Sicherheitswestenpflicht.<\/p>\n<p>Eine Unfallversicherung wird generell empfohlen.<\/p>\n<p>Es ist der Reit- und Stallordnung uneingeschr\u00e4nkt Folge zu leisten.<\/p>\n<p>F\u00fcr liegengebliebene Kleidungsst\u00fccke, Helme und andere Dinge wird keine Haftung \u00fcbernommen.<\/p>\n","protected":false},"excerpt":{"rendered":"<p>Allgemeine Gesch\u00e4ftsbedingungen Teilnahme und Anmeldung: Eine Terminvereinbarung oder Kursteilnahme ist nur bei schriftlicher Anmeldung per Email vor Anmeldeschluss m\u00f6glich. Eine telefonische Absprache ersetzt keine schriftliche An- oder Abmeldung. &nbsp; Bezahlung: Sie k\u00f6nnen per \u00dcberweisung bezahlen oder in bar sp\u00e4testens vor Beginn der Reiteinheit. Bei Erstbuchung m\u00fcssen 50% der Geb\u00fchr im Voraus per \u00dcberweisung angezahlt werden. &nbsp; Anmeldebest\u00e4tigung: Eine Best\u00e4tigung der Kursanmeldung erfolgt per E-Mail oder aber pers\u00f6nlich. &nbsp; R\u00fccktritt: Bei R\u00fccktritt von einem fest vereinbarten Termin\/Probetermin OHNE rechtzeitige Abmeldung (schriftlich <a class=\"more-link\" href=\"http:\/\/passia.de\/?page_id=253\">weiterlesen&#8230;<\/a><\/p>\n","protected":false},"author":1,"featured_media":0,"parent":17,"menu_order":0,"comment_status":"closed","ping_status":"closed","template":"","meta":{"footnotes":""},"class_list":["post-253","page","type-page","status-publish","hentry"],"_links":{"self":[{"href":"http:\/\/passia.de\/index.php?rest_route=\/wp\/v2\/pages\/253","targetHints":{"allow":["GET"]}}],"collection":[{"href":"http:\/\/passia.de\/index.php?rest_route=\/wp\/v2\/pages"}],"about":[{"href":"http:\/\/passia.de\/index.php?rest_route=\/wp\/v2\/types\/page"}],"author":[{"embeddable":true,"href":"http:\/\/passia.de\/index.php?rest_route=\/wp\/v2\/users\/1"}],"replies":[{"embeddable":true,"href":"http:\/\/passia.de\/index.php?rest_route=%2Fwp%2Fv2%2Fcomments&post=253"}],"version-history":[{"count":5,"href":"http:\/\/passia.de\/index.php?rest_route=\/wp\/v2\/pages\/253\/revisions"}],"predecessor-version":[{"id":305,"href":"http:\/\/passia.de\/index.php?rest_route=\/wp\/v2\/pages\/253\/revisions\/305"}],"up":[{"embeddable":true,"href":"http:\/\/passia.de\/index.php?rest_route=\/wp\/v2\/pages\/17"}],"wp:attachment":[{"href":"http:\/\/passia.de\/index.php?rest_route=%2Fwp%2Fv2%2Fmedia&parent=253"}],"curies":[{"name":"wp","href":"https:\/\/api.w.org\/{rel}","templated":true}]}}