{"id":282,"date":"2018-04-25T06:42:25","date_gmt":"2018-04-25T06:42:25","guid":{"rendered":"http:\/\/passia.de\/?page_id=282"},"modified":"2023-02-26T14:18:35","modified_gmt":"2023-02-26T14:18:35","slug":"mutter-kind-reiten","status":"publish","type":"page","link":"http:\/\/passia.de\/?page_id=282","title":{"rendered":"Legasthenie, Dyskalkulie, Lernen"},"content":{"rendered":"<p>Einzelstunden f\u00fcr grosse und kleine Kinder mit Lernproblemen, Legasthenie oder Dyskalkulie.<\/p>\n<p>Ich bin diplomierte Trainerin f\u00fcr Lerntherapie, Legasthenie und Dyskalkulie. Wir erarbeiten f\u00fcr jedes Kind individuell, je nach Problemstellung, die Themen, die euch Sorgen machen. Hier geht es tats\u00e4chlich nicht um Reitunterricht, die Pferde sind Teil der Stunden, aber nicht als Reitpferde.<\/p>\n<p>Ich freue mich auf euch :-)&#8230;<\/p>\n","protected":false},"excerpt":{"rendered":"<p>Einzelstunden f\u00fcr grosse und kleine Kinder mit Lernproblemen, Legasthenie oder Dyskalkulie. Ich bin diplomierte Trainerin f\u00fcr Lerntherapie, Legasthenie und Dyskalkulie. Wir erarbeiten f\u00fcr jedes Kind individuell, je nach Problemstellung, die Themen, die euch Sorgen machen. Hier geht es tats\u00e4chlich nicht um Reitunterricht, die Pferde sind Teil der Stunden, aber nicht als Reitpferde. Ich freue mich auf euch :-)&#8230;<\/p>\n","protected":false},"author":1,"featured_media":0,"parent":14,"menu_order":0,"comment_status":"closed","ping_status":"closed","template":"","meta":{"footnotes":""},"class_list":["post-282","page","type-page","status-publish","hentry"],"_links":{"self":[{"href":"http:\/\/passia.de\/index.php?rest_route=\/wp\/v2\/pages\/282","targetHints":{"allow":["GET"]}}],"collection":[{"href":"http:\/\/passia.de\/index.php?rest_route=\/wp\/v2\/pages"}],"about":[{"href":"http:\/\/passia.de\/index.php?rest_route=\/wp\/v2\/types\/page"}],"author":[{"embeddable":true,"href":"http:\/\/passia.de\/index.php?rest_route=\/wp\/v2\/users\/1"}],"replies":[{"embeddable":true,"href":"http:\/\/passia.de\/index.php?rest_route=%2Fwp%2Fv2%2Fcomments&post=282"}],"version-history":[{"count":4,"href":"http:\/\/passia.de\/index.php?rest_route=\/wp\/v2\/pages\/282\/revisions"}],"predecessor-version":[{"id":414,"href":"http:\/\/passia.de\/index.php?rest_route=\/wp\/v2\/pages\/282\/revisions\/414"}],"up":[{"embeddable":true,"href":"http:\/\/passia.de\/index.php?rest_route=\/wp\/v2\/pages\/14"}],"wp:attachment":[{"href":"http:\/\/passia.de\/index.php?rest_route=%2Fwp%2Fv2%2Fmedia&parent=282"}],"curies":[{"name":"wp","href":"https:\/\/api.w.org\/{rel}","templated":true}]}}