{"id":132,"date":"2016-09-05T19:11:56","date_gmt":"2016-09-05T19:11:56","guid":{"rendered":"http:\/\/passia.de\/?page_id=132"},"modified":"2020-02-27T12:52:32","modified_gmt":"2020-02-27T12:52:32","slug":"ferienkurse","status":"publish","type":"page","link":"https:\/\/passia.de\/?page_id=132","title":{"rendered":"Ferienkurse"},"content":{"rendered":"<p><strong>Ostern, Pfingsten, Sommer 2020 !!<\/strong><\/p>\n<p>Auch dieses Jahr bietet PASSIA wieder Ferienkurse ab 3 Jahren an. Es gibt die Mini-Ponyfreund-Kurse f\u00fcr die ganz Kleinen oder die Ponyfreund-Kurse f\u00fcr die gr\u00f6\u00dferen Reiter sowie Kurse zu einzelnen Themenbereichen f\u00fcr fortgeschrittenere Anf\u00e4nger und gr\u00f6\u00dfere Kinder, aber auch Erwachsene. Termine, Preise und das Anmeldeformular sind unter info@passia.de zu bekommen.<\/p>\n<p>Bei Abschluss der Ponyfreund-Kurses habt ihr nicht nur ganz viel Wissen gewonnen, sondern bekommt eine Urkunde, ein Foto und einen Anstecker.<\/p>\n<p><a href=\"http:\/\/passia.de\/wp-content\/uploads\/2020\/02\/9A9CFE20-A568-4793-A621-8A257C48461F.jpeg\"><img loading=\"lazy\" decoding=\"async\" class=\"alignnone size-medium wp-image-398\" src=\"http:\/\/passia.de\/wp-content\/uploads\/2020\/02\/9A9CFE20-A568-4793-A621-8A257C48461F-212x300.jpeg\" alt=\"\" width=\"212\" height=\"300\" srcset=\"https:\/\/passia.de\/wp-content\/uploads\/2020\/02\/9A9CFE20-A568-4793-A621-8A257C48461F-212x300.jpeg 212w, https:\/\/passia.de\/wp-content\/uploads\/2020\/02\/9A9CFE20-A568-4793-A621-8A257C48461F.jpeg 595w\" sizes=\"auto, (max-width: 212px) 100vw, 212px\" \/><\/a><\/p>\n<p><!--more--><\/p>\n<p>Meine Ferienkurse in Freising finden unter dem Motto &#8222;Beziehung zum Pferd&#8220; statt. Die Kurse finden ausschlie\u00dflich in sehr kleinen Gruppen bis zu vier Kindern statt und sind ab vier Jahren m\u00f6glich. Wir widmen uns den Pferden ganz intensiv und dem Umgang mit ihnen. Teil der Kurse ist die Sprache der Pferde ein wenig zu lernen, in der Bodenarbeit erarbeiten wir unsere eigene K\u00f6rpersprache und ihre Wirkung. Nat\u00fcrlich reiten wir auch, es gibt ein gemeinsames, vegetarisches Mittagessen und wir fahren Kutsche. Alles in allem geht es um Spass mit dem Pferd&#8230;<\/p>\n<p><img loading=\"lazy\" decoding=\"async\" class=\"alignnone size-medium wp-image-133\" src=\"http:\/\/passia.de\/wp-content\/uploads\/2016\/09\/IMG_1520-300x225.jpg\" alt=\"IMG_1520\" width=\"300\" height=\"225\" srcset=\"https:\/\/passia.de\/wp-content\/uploads\/2016\/09\/IMG_1520-300x225.jpg 300w, https:\/\/passia.de\/wp-content\/uploads\/2016\/09\/IMG_1520-768x576.jpg 768w, https:\/\/passia.de\/wp-content\/uploads\/2016\/09\/IMG_1520-1024x768.jpg 1024w, https:\/\/passia.de\/wp-content\/uploads\/2016\/09\/IMG_1520.jpg 1600w\" sizes=\"auto, (max-width: 300px) 100vw, 300px\" \/> <img loading=\"lazy\" decoding=\"async\" class=\"alignnone size-medium wp-image-134\" src=\"http:\/\/passia.de\/wp-content\/uploads\/2016\/09\/IMG_1518-300x225.jpg\" alt=\"IMG_1518\" width=\"300\" height=\"225\" srcset=\"https:\/\/passia.de\/wp-content\/uploads\/2016\/09\/IMG_1518-300x225.jpg 300w, https:\/\/passia.de\/wp-content\/uploads\/2016\/09\/IMG_1518-768x576.jpg 768w, https:\/\/passia.de\/wp-content\/uploads\/2016\/09\/IMG_1518-1024x768.jpg 1024w, https:\/\/passia.de\/wp-content\/uploads\/2016\/09\/IMG_1518.jpg 1280w\" sizes=\"auto, (max-width: 300px) 100vw, 300px\" \/> <img loading=\"lazy\" decoding=\"async\" class=\"alignnone size-medium wp-image-135\" src=\"http:\/\/passia.de\/wp-content\/uploads\/2016\/09\/IMG_1506-225x300.jpg\" alt=\"IMG_1506\" width=\"225\" height=\"300\" srcset=\"https:\/\/passia.de\/wp-content\/uploads\/2016\/09\/IMG_1506-225x300.jpg 225w, https:\/\/passia.de\/wp-content\/uploads\/2016\/09\/IMG_1506-768x1024.jpg 768w, https:\/\/passia.de\/wp-content\/uploads\/2016\/09\/IMG_1506.jpg 1200w\" sizes=\"auto, (max-width: 225px) 100vw, 225px\" \/> <img loading=\"lazy\" decoding=\"async\" class=\"alignnone size-medium wp-image-136\" src=\"http:\/\/passia.de\/wp-content\/uploads\/2016\/09\/IMG_1499-300x225.jpg\" alt=\"IMG_1499\" width=\"300\" height=\"225\" srcset=\"https:\/\/passia.de\/wp-content\/uploads\/2016\/09\/IMG_1499-300x225.jpg 300w, https:\/\/passia.de\/wp-content\/uploads\/2016\/09\/IMG_1499-768x576.jpg 768w, https:\/\/passia.de\/wp-content\/uploads\/2016\/09\/IMG_1499-1024x768.jpg 1024w, https:\/\/passia.de\/wp-content\/uploads\/2016\/09\/IMG_1499.jpg 1600w\" sizes=\"auto, (max-width: 300px) 100vw, 300px\" \/> <img loading=\"lazy\" decoding=\"async\" class=\"alignnone size-medium wp-image-137\" src=\"http:\/\/passia.de\/wp-content\/uploads\/2016\/09\/IMG_1498-300x225.jpg\" alt=\"IMG_1498\" width=\"300\" height=\"225\" srcset=\"https:\/\/passia.de\/wp-content\/uploads\/2016\/09\/IMG_1498-300x225.jpg 300w, https:\/\/passia.de\/wp-content\/uploads\/2016\/09\/IMG_1498-768x576.jpg 768w, https:\/\/passia.de\/wp-content\/uploads\/2016\/09\/IMG_1498-1024x768.jpg 1024w, https:\/\/passia.de\/wp-content\/uploads\/2016\/09\/IMG_1498.jpg 1600w\" sizes=\"auto, (max-width: 300px) 100vw, 300px\" \/> <img loading=\"lazy\" decoding=\"async\" class=\"alignnone size-medium wp-image-138\" src=\"http:\/\/passia.de\/wp-content\/uploads\/2016\/09\/IMG_1513-300x225.jpg\" alt=\"IMG_1513\" width=\"300\" height=\"225\" srcset=\"https:\/\/passia.de\/wp-content\/uploads\/2016\/09\/IMG_1513-300x225.jpg 300w, https:\/\/passia.de\/wp-content\/uploads\/2016\/09\/IMG_1513-768x576.jpg 768w, https:\/\/passia.de\/wp-content\/uploads\/2016\/09\/IMG_1513-1024x768.jpg 1024w, https:\/\/passia.de\/wp-content\/uploads\/2016\/09\/IMG_1513.jpg 1600w\" sizes=\"auto, (max-width: 300px) 100vw, 300px\" \/> <img loading=\"lazy\" decoding=\"async\" class=\"alignnone size-medium wp-image-139\" src=\"http:\/\/passia.de\/wp-content\/uploads\/2016\/09\/IMG_1512-300x225.jpg\" alt=\"IMG_1512\" width=\"300\" height=\"225\" srcset=\"https:\/\/passia.de\/wp-content\/uploads\/2016\/09\/IMG_1512-300x225.jpg 300w, https:\/\/passia.de\/wp-content\/uploads\/2016\/09\/IMG_1512-768x576.jpg 768w, https:\/\/passia.de\/wp-content\/uploads\/2016\/09\/IMG_1512-1024x768.jpg 1024w, https:\/\/passia.de\/wp-content\/uploads\/2016\/09\/IMG_1512.jpg 1600w\" sizes=\"auto, (max-width: 300px) 100vw, 300px\" \/> <img loading=\"lazy\" decoding=\"async\" class=\"alignnone size-medium wp-image-140\" src=\"http:\/\/passia.de\/wp-content\/uploads\/2016\/09\/IMG_1516-300x225.jpg\" alt=\"IMG_1516\" width=\"300\" height=\"225\" srcset=\"https:\/\/passia.de\/wp-content\/uploads\/2016\/09\/IMG_1516-300x225.jpg 300w, https:\/\/passia.de\/wp-content\/uploads\/2016\/09\/IMG_1516-768x576.jpg 768w, https:\/\/passia.de\/wp-content\/uploads\/2016\/09\/IMG_1516-1024x768.jpg 1024w, https:\/\/passia.de\/wp-content\/uploads\/2016\/09\/IMG_1516.jpg 1280w\" sizes=\"auto, (max-width: 300px) 100vw, 300px\" \/> <img loading=\"lazy\" decoding=\"async\" class=\"alignnone size-medium wp-image-141\" src=\"http:\/\/passia.de\/wp-content\/uploads\/2016\/09\/IMG_1517-300x225.jpg\" alt=\"IMG_1517\" width=\"300\" height=\"225\" srcset=\"https:\/\/passia.de\/wp-content\/uploads\/2016\/09\/IMG_1517-300x225.jpg 300w, https:\/\/passia.de\/wp-content\/uploads\/2016\/09\/IMG_1517-768x576.jpg 768w, https:\/\/passia.de\/wp-content\/uploads\/2016\/09\/IMG_1517-1024x768.jpg 1024w, https:\/\/passia.de\/wp-content\/uploads\/2016\/09\/IMG_1517.jpg 1280w\" sizes=\"auto, (max-width: 300px) 100vw, 300px\" \/><\/p>\n<p>Die Ferienkurse sind auch als Tageskurs buchbar. Hier k\u00f6nnen Sie angeben, was genau Ihr Wunsch ist. Wir erarbeiten entweder ein bestimmtes Thema oder machen eine Spielstunde. Fragen Sie gerne nach.<\/p>\n","protected":false},"excerpt":{"rendered":"<p>Ostern, Pfingsten, Sommer 2020 !! Auch dieses Jahr bietet PASSIA wieder Ferienkurse ab 3 Jahren an. Es gibt die Mini-Ponyfreund-Kurse f\u00fcr die ganz Kleinen oder die Ponyfreund-Kurse f\u00fcr die gr\u00f6\u00dferen Reiter sowie Kurse zu einzelnen Themenbereichen f\u00fcr fortgeschrittenere Anf\u00e4nger und gr\u00f6\u00dfere Kinder, aber auch Erwachsene. Termine, Preise und das Anmeldeformular sind unter info@passia.de zu bekommen. Bei Abschluss der Ponyfreund-Kurses habt ihr nicht nur ganz viel Wissen gewonnen, sondern bekommt eine Urkunde, ein Foto und einen Anstecker.<\/p>\n","protected":false},"author":1,"featured_media":0,"parent":7,"menu_order":0,"comment_status":"closed","ping_status":"closed","template":"","meta":{"footnotes":""},"class_list":["post-132","page","type-page","status-publish","hentry"],"_links":{"self":[{"href":"https:\/\/passia.de\/index.php?rest_route=\/wp\/v2\/pages\/132","targetHints":{"allow":["GET"]}}],"collection":[{"href":"https:\/\/passia.de\/index.php?rest_route=\/wp\/v2\/pages"}],"about":[{"href":"https:\/\/passia.de\/index.php?rest_route=\/wp\/v2\/types\/page"}],"author":[{"embeddable":true,"href":"https:\/\/passia.de\/index.php?rest_route=\/wp\/v2\/users\/1"}],"replies":[{"embeddable":true,"href":"https:\/\/passia.de\/index.php?rest_route=%2Fwp%2Fv2%2Fcomments&post=132"}],"version-history":[{"count":9,"href":"https:\/\/passia.de\/index.php?rest_route=\/wp\/v2\/pages\/132\/revisions"}],"predecessor-version":[{"id":399,"href":"https:\/\/passia.de\/index.php?rest_route=\/wp\/v2\/pages\/132\/revisions\/399"}],"up":[{"embeddable":true,"href":"https:\/\/passia.de\/index.php?rest_route=\/wp\/v2\/pages\/7"}],"wp:attachment":[{"href":"https:\/\/passia.de\/index.php?rest_route=%2Fwp%2Fv2%2Fmedia&parent=132"}],"curies":[{"name":"wp","href":"https:\/\/api.w.org\/{rel}","templated":true}]}}