{"id":145,"date":"2016-09-17T17:31:49","date_gmt":"2016-09-17T17:31:49","guid":{"rendered":"http:\/\/passia.de\/?page_id=145"},"modified":"2016-09-17T17:37:10","modified_gmt":"2016-09-17T17:37:10","slug":"mein-name","status":"publish","type":"page","link":"https:\/\/passia.de\/?page_id=145","title":{"rendered":"Mein Name"},"content":{"rendered":"<p>Der Name &#8222;passia&#8220; ist ganz bewusst von mir gew\u00e4hlt. Ich habe mir viele Gedanken um meinen Namen gemacht und Informationen eingeholt. Obwohl sich sehr viele Selbst\u00e4ndige im heilpraktischen Sektor f\u00fcr einen lateinischen Namen oder den eigenen Namen entscheiden, habe ich mich gewollt anders platziert.<\/p>\n<p>&#8222;pasja&#8220; bedeutet in der Polnischen Sprache &#8222;Leidenschaft&#8220; und &#8222;Hingabe&#8220;. Gekreuzt mit dem Englischen &#8222;passion&#8220; (ebenfalls: &#8222;Leidenschaft&#8220;) ergab sich dann:<\/p>\n<p><img loading=\"lazy\" decoding=\"async\" class=\"alignnone size-medium wp-image-130\" src=\"http:\/\/passia.de\/wp-content\/uploads\/2016\/08\/cropped-passia_2016_mitSlogan-1-300x185.jpg\" alt=\"cropped-passia_2016_mitSlogan-1.jpg\" width=\"300\" height=\"185\" srcset=\"https:\/\/passia.de\/wp-content\/uploads\/2016\/08\/cropped-passia_2016_mitSlogan-1-300x185.jpg 300w, https:\/\/passia.de\/wp-content\/uploads\/2016\/08\/cropped-passia_2016_mitSlogan-1.jpg 301w\" sizes=\"auto, (max-width: 300px) 100vw, 300px\" \/><\/p>\n<p>Mit grosser Leidenschaft arbeite ich mit Mensch und Tier!<\/p>\n","protected":false},"excerpt":{"rendered":"<p>Der Name &#8222;passia&#8220; ist ganz bewusst von mir gew\u00e4hlt. Ich habe mir viele Gedanken um meinen Namen gemacht und Informationen eingeholt. Obwohl sich sehr viele Selbst\u00e4ndige im heilpraktischen Sektor f\u00fcr einen lateinischen Namen oder den eigenen Namen entscheiden, habe ich mich gewollt anders platziert. &#8222;pasja&#8220; bedeutet in der Polnischen Sprache &#8222;Leidenschaft&#8220; und &#8222;Hingabe&#8220;. Gekreuzt mit dem Englischen &#8222;passion&#8220; (ebenfalls: &#8222;Leidenschaft&#8220;) ergab sich dann: Mit grosser Leidenschaft arbeite ich mit Mensch und Tier!<\/p>\n","protected":false},"author":1,"featured_media":0,"parent":5,"menu_order":0,"comment_status":"closed","ping_status":"closed","template":"","meta":{"footnotes":""},"class_list":["post-145","page","type-page","status-publish","hentry"],"_links":{"self":[{"href":"https:\/\/passia.de\/index.php?rest_route=\/wp\/v2\/pages\/145","targetHints":{"allow":["GET"]}}],"collection":[{"href":"https:\/\/passia.de\/index.php?rest_route=\/wp\/v2\/pages"}],"about":[{"href":"https:\/\/passia.de\/index.php?rest_route=\/wp\/v2\/types\/page"}],"author":[{"embeddable":true,"href":"https:\/\/passia.de\/index.php?rest_route=\/wp\/v2\/users\/1"}],"replies":[{"embeddable":true,"href":"https:\/\/passia.de\/index.php?rest_route=%2Fwp%2Fv2%2Fcomments&post=145"}],"version-history":[{"count":3,"href":"https:\/\/passia.de\/index.php?rest_route=\/wp\/v2\/pages\/145\/revisions"}],"predecessor-version":[{"id":148,"href":"https:\/\/passia.de\/index.php?rest_route=\/wp\/v2\/pages\/145\/revisions\/148"}],"up":[{"embeddable":true,"href":"https:\/\/passia.de\/index.php?rest_route=\/wp\/v2\/pages\/5"}],"wp:attachment":[{"href":"https:\/\/passia.de\/index.php?rest_route=%2Fwp%2Fv2%2Fmedia&parent=145"}],"curies":[{"name":"wp","href":"https:\/\/api.w.org\/{rel}","templated":true}]}}