{"id":149,"date":"2016-09-17T17:49:06","date_gmt":"2016-09-17T17:49:06","guid":{"rendered":"http:\/\/passia.de\/?page_id=149"},"modified":"2016-09-17T17:51:14","modified_gmt":"2016-09-17T17:51:14","slug":"meine-farben","status":"publish","type":"page","link":"https:\/\/passia.de\/?page_id=149","title":{"rendered":"Meine Farben"},"content":{"rendered":"<p style=\"text-align: left;\">So wie ich mich bewusst f\u00fcr meinen Namen &#8222;passia&#8220; entschieden habe, ist auch die Farbigkeit wohl bedacht und ausgew\u00e4hlt. Ich nutze zwei Farben: purpur und rosa.<\/p>\n<p>Beide Farben haben eine starke Symbolik.<\/p>\n<p>Rosa: Die Farbe der Zartheit und Kindlichkeit. Sie steht f\u00fcr Sanftheit, Sensibilit\u00e4t, Zuneigung und das Schutzbed\u00fcrfnis.<\/p>\n<p>Purpur: Die Farbe der Menschenliebe und Kreativit\u00e4t. Sie existiert nicht als Spektralfarbe und entsteht ausschlie\u00dflich in unserem Gehirn als Kurzschluss eines gedachten Farbkreises (die Verbindung von blau und rot).<\/p>\n<p>Beide Farbaspekte sind Teil meiner Arbeit und m\u00fcssen daher meine Farben\u00a0symbolisieren.<\/p>\n<p>&nbsp;<\/p>\n","protected":false},"excerpt":{"rendered":"<p>So wie ich mich bewusst f\u00fcr meinen Namen &#8222;passia&#8220; entschieden habe, ist auch die Farbigkeit wohl bedacht und ausgew\u00e4hlt. Ich nutze zwei Farben: purpur und rosa. Beide Farben haben eine starke Symbolik. Rosa: Die Farbe der Zartheit und Kindlichkeit. Sie steht f\u00fcr Sanftheit, Sensibilit\u00e4t, Zuneigung und das Schutzbed\u00fcrfnis. Purpur: Die Farbe der Menschenliebe und Kreativit\u00e4t. Sie existiert nicht als Spektralfarbe und entsteht ausschlie\u00dflich in unserem Gehirn als Kurzschluss eines gedachten Farbkreises (die Verbindung von blau und rot). Beide Farbaspekte sind <a class=\"more-link\" href=\"https:\/\/passia.de\/?page_id=149\">weiterlesen&#8230;<\/a><\/p>\n","protected":false},"author":1,"featured_media":0,"parent":5,"menu_order":0,"comment_status":"closed","ping_status":"closed","template":"","meta":{"footnotes":""},"class_list":["post-149","page","type-page","status-publish","hentry"],"_links":{"self":[{"href":"https:\/\/passia.de\/index.php?rest_route=\/wp\/v2\/pages\/149","targetHints":{"allow":["GET"]}}],"collection":[{"href":"https:\/\/passia.de\/index.php?rest_route=\/wp\/v2\/pages"}],"about":[{"href":"https:\/\/passia.de\/index.php?rest_route=\/wp\/v2\/types\/page"}],"author":[{"embeddable":true,"href":"https:\/\/passia.de\/index.php?rest_route=\/wp\/v2\/users\/1"}],"replies":[{"embeddable":true,"href":"https:\/\/passia.de\/index.php?rest_route=%2Fwp%2Fv2%2Fcomments&post=149"}],"version-history":[{"count":3,"href":"https:\/\/passia.de\/index.php?rest_route=\/wp\/v2\/pages\/149\/revisions"}],"predecessor-version":[{"id":152,"href":"https:\/\/passia.de\/index.php?rest_route=\/wp\/v2\/pages\/149\/revisions\/152"}],"up":[{"embeddable":true,"href":"https:\/\/passia.de\/index.php?rest_route=\/wp\/v2\/pages\/5"}],"wp:attachment":[{"href":"https:\/\/passia.de\/index.php?rest_route=%2Fwp%2Fv2%2Fmedia&parent=149"}],"curies":[{"name":"wp","href":"https:\/\/api.w.org\/{rel}","templated":true}]}}