{"id":169,"date":"2016-11-23T09:11:14","date_gmt":"2016-11-23T09:11:14","guid":{"rendered":"http:\/\/passia.de\/?page_id=169"},"modified":"2018-05-08T19:58:39","modified_gmt":"2018-05-08T19:58:39","slug":"reittherapie-2","status":"publish","type":"page","link":"https:\/\/passia.de\/?page_id=169","title":{"rendered":"Reittherapie"},"content":{"rendered":"<p><img loading=\"lazy\" decoding=\"async\" class=\"alignnone size-medium wp-image-193\" src=\"http:\/\/passia.de\/wp-content\/uploads\/2017\/03\/IMG_1324-e1489096878798-225x300.jpg\" alt=\"IMG_1324\" width=\"225\" height=\"300\" srcset=\"https:\/\/passia.de\/wp-content\/uploads\/2017\/03\/IMG_1324-e1489096878798-225x300.jpg 225w, https:\/\/passia.de\/wp-content\/uploads\/2017\/03\/IMG_1324-e1489096878798-768x1024.jpg 768w\" sizes=\"auto, (max-width: 225px) 100vw, 225px\" \/><\/p>\n<p>Das Reiten und die Zeit mit dem Pferd als Partner und Freund sind sehr heilsam. Daher hat sich schon lange die Reittherapie als hilfreich f\u00fcr Geist, Seele und K\u00f6rper bew\u00e4hrt. Die dreidimensionale Schwingung des Pferdes hilft sehr gut bei Spastiken, Verspannungen und vielem anderen. Das Pferd riechen, ber\u00fchren, streicheln, gern haben ist Balsam f\u00fcr die Seele und hilft innere Ruhe und Freude zu finden. Pferde vermitteln ein besonderes Gl\u00fccksgef\u00fchl.<\/p>\n<p>Als Reittherapeutin offeriere ich reittherapeutische Einheiten mit gro\u00dfer Leidenschaft. Da die Krankheitsbilder sehr vielf\u00e4ltig sind, besprechen wir gerne die individuellen M\u00f6glichkeiten in einer Nachricht. Ich betreue gerne alle Krankheitsbilder, egal wie schwer oder leicht sie sind. F\u00fcr jedes Problem ist ein Kraut gewachsen und ich freue mich sehr Sie oder Ihr Kind kennen zu lernen.<\/p>\n<p>F\u00fcr die Reittherapie wird ein Vertrag abgeschlossen, wenn n\u00f6tig (f\u00fcr die Kasse).<\/p>\n<p>Reittherapie wird von den Krankenkassen in manchen F\u00e4llen \u00fcbernommen. Bitte besprechen Sie das in Ihrem Fall mit der Kasse, Vereinen, dem Jugendamt, usw. Ich bin zertifizierte Reittherapeutin mit Abschluss. In Vorleistung f\u00fcr die Therapie m\u00fcssen Sie gehen, ich halte meine Preise aber bewusst niedrig.<\/p>\n<p><img loading=\"lazy\" decoding=\"async\" class=\"alignnone size-medium wp-image-54\" src=\"http:\/\/passia.de\/wp-content\/uploads\/2016\/08\/image-169x300.jpeg\" alt=\"image\" width=\"169\" height=\"300\" srcset=\"https:\/\/passia.de\/wp-content\/uploads\/2016\/08\/image-169x300.jpeg 169w, https:\/\/passia.de\/wp-content\/uploads\/2016\/08\/image-576x1024.jpeg 576w, https:\/\/passia.de\/wp-content\/uploads\/2016\/08\/image.jpeg 720w\" sizes=\"auto, (max-width: 169px) 100vw, 169px\" \/><\/p>\n","protected":false},"excerpt":{"rendered":"<p>Das Reiten und die Zeit mit dem Pferd als Partner und Freund sind sehr heilsam. Daher hat sich schon lange die Reittherapie als hilfreich f\u00fcr Geist, Seele und K\u00f6rper bew\u00e4hrt. Die dreidimensionale Schwingung des Pferdes hilft sehr gut bei Spastiken, Verspannungen und vielem anderen. Das Pferd riechen, ber\u00fchren, streicheln, gern haben ist Balsam f\u00fcr die Seele und hilft innere Ruhe und Freude zu finden. Pferde vermitteln ein besonderes Gl\u00fccksgef\u00fchl. Als Reittherapeutin offeriere ich reittherapeutische Einheiten mit gro\u00dfer Leidenschaft. Da die <a class=\"more-link\" href=\"https:\/\/passia.de\/?page_id=169\">weiterlesen&#8230;<\/a><\/p>\n","protected":false},"author":1,"featured_media":0,"parent":0,"menu_order":0,"comment_status":"closed","ping_status":"closed","template":"","meta":{"footnotes":""},"class_list":["post-169","page","type-page","status-publish","hentry"],"_links":{"self":[{"href":"https:\/\/passia.de\/index.php?rest_route=\/wp\/v2\/pages\/169","targetHints":{"allow":["GET"]}}],"collection":[{"href":"https:\/\/passia.de\/index.php?rest_route=\/wp\/v2\/pages"}],"about":[{"href":"https:\/\/passia.de\/index.php?rest_route=\/wp\/v2\/types\/page"}],"author":[{"embeddable":true,"href":"https:\/\/passia.de\/index.php?rest_route=\/wp\/v2\/users\/1"}],"replies":[{"embeddable":true,"href":"https:\/\/passia.de\/index.php?rest_route=%2Fwp%2Fv2%2Fcomments&post=169"}],"version-history":[{"count":6,"href":"https:\/\/passia.de\/index.php?rest_route=\/wp\/v2\/pages\/169\/revisions"}],"predecessor-version":[{"id":294,"href":"https:\/\/passia.de\/index.php?rest_route=\/wp\/v2\/pages\/169\/revisions\/294"}],"wp:attachment":[{"href":"https:\/\/passia.de\/index.php?rest_route=%2Fwp%2Fv2%2Fmedia&parent=169"}],"curies":[{"name":"wp","href":"https:\/\/api.w.org\/{rel}","templated":true}]}}