{"id":181,"date":"2017-03-09T21:11:24","date_gmt":"2017-03-09T21:11:24","guid":{"rendered":"http:\/\/passia.de\/?page_id=181"},"modified":"2020-02-27T11:44:35","modified_gmt":"2020-02-27T11:44:35","slug":"thetafloating-entspannung","status":"publish","type":"page","link":"https:\/\/passia.de\/?page_id=181","title":{"rendered":"Entspannung"},"content":{"rendered":"<p>Bei Burn-Out, starker Anspannung, Entspannungsproblemen, Problemen mit Gef\u00fchlen oder anderem biete ich verschiedene Techniken an.<\/p>\n<p>Es ist m\u00f6glich durch <span style=\"text-decoration: underline;\">Thetafloating, Yoga, Entspannugstechniken<\/span> mit dem Pferd Gef\u00fchle und Probleme zu bearbeiten und tief einzutauchen in unbewusste Gedanken. Ich bin ausgebildet in dieser Technik und wende sie auch bei mir selbst an. Hier arbeiten wir mit Intuition und Gef\u00fchlen.<\/p>\n<p>Zus\u00e4tzlich ist auch die Arbeit mit <span style=\"text-decoration: underline;\">Traumreisen<\/span> m\u00f6glich. Wir tauchen ab in Traumwelten und lassen uns mit dem Pferd zusammen treiben. Durch die dreidimensionale Bewegung entspannt der K\u00f6rper und wir lassen die Gedanken frei.<\/p>\n","protected":false},"excerpt":{"rendered":"<p>Bei Burn-Out, starker Anspannung, Entspannungsproblemen, Problemen mit Gef\u00fchlen oder anderem biete ich verschiedene Techniken an. Es ist m\u00f6glich durch Thetafloating, Yoga, Entspannugstechniken mit dem Pferd Gef\u00fchle und Probleme zu bearbeiten und tief einzutauchen in unbewusste Gedanken. Ich bin ausgebildet in dieser Technik und wende sie auch bei mir selbst an. Hier arbeiten wir mit Intuition und Gef\u00fchlen. Zus\u00e4tzlich ist auch die Arbeit mit Traumreisen m\u00f6glich. Wir tauchen ab in Traumwelten und lassen uns mit dem Pferd zusammen treiben. Durch die <a class=\"more-link\" href=\"https:\/\/passia.de\/?page_id=181\">weiterlesen&#8230;<\/a><\/p>\n","protected":false},"author":1,"featured_media":0,"parent":14,"menu_order":0,"comment_status":"closed","ping_status":"closed","template":"","meta":{"footnotes":""},"class_list":["post-181","page","type-page","status-publish","hentry"],"_links":{"self":[{"href":"https:\/\/passia.de\/index.php?rest_route=\/wp\/v2\/pages\/181","targetHints":{"allow":["GET"]}}],"collection":[{"href":"https:\/\/passia.de\/index.php?rest_route=\/wp\/v2\/pages"}],"about":[{"href":"https:\/\/passia.de\/index.php?rest_route=\/wp\/v2\/types\/page"}],"author":[{"embeddable":true,"href":"https:\/\/passia.de\/index.php?rest_route=\/wp\/v2\/users\/1"}],"replies":[{"embeddable":true,"href":"https:\/\/passia.de\/index.php?rest_route=%2Fwp%2Fv2%2Fcomments&post=181"}],"version-history":[{"count":2,"href":"https:\/\/passia.de\/index.php?rest_route=\/wp\/v2\/pages\/181\/revisions"}],"predecessor-version":[{"id":387,"href":"https:\/\/passia.de\/index.php?rest_route=\/wp\/v2\/pages\/181\/revisions\/387"}],"up":[{"embeddable":true,"href":"https:\/\/passia.de\/index.php?rest_route=\/wp\/v2\/pages\/14"}],"wp:attachment":[{"href":"https:\/\/passia.de\/index.php?rest_route=%2Fwp%2Fv2%2Fmedia&parent=181"}],"curies":[{"name":"wp","href":"https:\/\/api.w.org\/{rel}","templated":true}]}}