{"id":258,"date":"2017-12-29T18:33:45","date_gmt":"2017-12-29T18:33:45","guid":{"rendered":"http:\/\/passia.de\/?page_id=258"},"modified":"2019-12-17T13:52:15","modified_gmt":"2019-12-17T13:52:15","slug":"lerntherapie","status":"publish","type":"page","link":"https:\/\/passia.de\/?page_id=258","title":{"rendered":"Lerntherapie\/Konzentrationstraining"},"content":{"rendered":"<p>Ich bin<strong> Birkenbihl-Practitioner<\/strong> und wende die gehirngerechten Methoden mit gro\u00dfer Freude in meinem Alltag an. Ich bin auch <strong>zertifizierte Trainerin<\/strong> f\u00fcr das<strong> Marburger Konzentrationstraining<\/strong> und f\u00fcr 2020 wird es die Kurse mit meinen Pferden geben. Ich starte mit Vorschulkindern und arbeite auch mit Schulkindern.<\/p>\n<ul>\n<li>Das Marburger Konzentrationstraining wird von den Krankenkassen zu einem Teil finanziert. Sie bekommen eine Rechnung mit meiner Zertifizierung, um diese dann einzureichen und sich Ihre Vorleistung zur\u00fcck zu holen.<\/li>\n<\/ul>\n<p><a href=\"http:\/\/passia.de\/wp-content\/uploads\/2017\/12\/IMG_3315.jpg\"><img loading=\"lazy\" decoding=\"async\" class=\"alignnone size-medium wp-image-342\" src=\"http:\/\/passia.de\/wp-content\/uploads\/2017\/12\/IMG_3315-225x300.jpg\" alt=\"IMG_3315\" width=\"225\" height=\"300\" srcset=\"https:\/\/passia.de\/wp-content\/uploads\/2017\/12\/IMG_3315-225x300.jpg 225w, https:\/\/passia.de\/wp-content\/uploads\/2017\/12\/IMG_3315-768x1024.jpg 768w, https:\/\/passia.de\/wp-content\/uploads\/2017\/12\/IMG_3315.jpg 1224w\" sizes=\"auto, (max-width: 225px) 100vw, 225px\" \/><\/a><\/p>\n<p>Lernen ist ein wichtiges Thema, das nicht nur Kinder und Jugendliche betrifft. Oft entstehen schon gro\u00dfe Schwierigkeiten bereits\u00a0in der Schule, was sich zu Hause mit den Hausaufgaben fortsetzt, und sich durch das gesamte Leben zieht.<\/p>\n<p>Sie ben\u00f6tigen gezielte und professionelle Unterst\u00fctzung, damit der Schulstoff oder zu lernende Stoff zeitnah und wirksam verarbeitet werden kann, keine Wissensl\u00fccken entstehen und das Familienleben\/Leben entlastet wird.<\/p>\n<p>Eine fr\u00fche und individuelle Hilfestellung vergr\u00f6\u00dfert die Chancen f\u00fcr Sie und Ihr Kind unbeschwert den Schulalltag\/Alltag zu meistern und schriftlichen Arbeiten oder anderen Abschl\u00fcssen wieder gelassen entgegen zu sehen.<\/p>\n<p>Gerne helfe ich Ihnen und Ihrem Kind, diese Probleme in den Griff zu bekommen und in eine positive Richtung mit Lernstruktur und gesteigerter Pers\u00f6nlichkeits- und Lernkompetenz zu gelangen.<\/p>\n<p>Das Lerntraining und Coaching findet mit und ohne Pferdeeinsatz statt.<\/p>\n<p>&nbsp;<\/p>\n","protected":false},"excerpt":{"rendered":"<p>Ich bin Birkenbihl-Practitioner und wende die gehirngerechten Methoden mit gro\u00dfer Freude in meinem Alltag an. Ich bin auch zertifizierte Trainerin f\u00fcr das Marburger Konzentrationstraining und f\u00fcr 2020 wird es die Kurse mit meinen Pferden geben. Ich starte mit Vorschulkindern und arbeite auch mit Schulkindern. Das Marburger Konzentrationstraining wird von den Krankenkassen zu einem Teil finanziert. Sie bekommen eine Rechnung mit meiner Zertifizierung, um diese dann einzureichen und sich Ihre Vorleistung zur\u00fcck zu holen. Lernen ist ein wichtiges Thema, das nicht <a class=\"more-link\" href=\"https:\/\/passia.de\/?page_id=258\">weiterlesen&#8230;<\/a><\/p>\n","protected":false},"author":1,"featured_media":0,"parent":0,"menu_order":0,"comment_status":"closed","ping_status":"closed","template":"","meta":{"footnotes":""},"class_list":["post-258","page","type-page","status-publish","hentry"],"_links":{"self":[{"href":"https:\/\/passia.de\/index.php?rest_route=\/wp\/v2\/pages\/258","targetHints":{"allow":["GET"]}}],"collection":[{"href":"https:\/\/passia.de\/index.php?rest_route=\/wp\/v2\/pages"}],"about":[{"href":"https:\/\/passia.de\/index.php?rest_route=\/wp\/v2\/types\/page"}],"author":[{"embeddable":true,"href":"https:\/\/passia.de\/index.php?rest_route=\/wp\/v2\/users\/1"}],"replies":[{"embeddable":true,"href":"https:\/\/passia.de\/index.php?rest_route=%2Fwp%2Fv2%2Fcomments&post=258"}],"version-history":[{"count":8,"href":"https:\/\/passia.de\/index.php?rest_route=\/wp\/v2\/pages\/258\/revisions"}],"predecessor-version":[{"id":380,"href":"https:\/\/passia.de\/index.php?rest_route=\/wp\/v2\/pages\/258\/revisions\/380"}],"wp:attachment":[{"href":"https:\/\/passia.de\/index.php?rest_route=%2Fwp%2Fv2%2Fmedia&parent=258"}],"curies":[{"name":"wp","href":"https:\/\/api.w.org\/{rel}","templated":true}]}}