{"id":389,"date":"2020-02-27T11:52:29","date_gmt":"2020-02-27T11:52:29","guid":{"rendered":"http:\/\/passia.de\/?page_id=389"},"modified":"2020-02-27T11:53:27","modified_gmt":"2020-02-27T11:53:27","slug":"marbacher-konzentrationstraining","status":"publish","type":"page","link":"https:\/\/passia.de\/?page_id=389","title":{"rendered":"Marbacher Konzentrationstraining"},"content":{"rendered":"\n<p>Als lizensierte Trainerin f\u00fcr das Marbacher Konzentrationstraining darf ich kleine und gr\u00f6\u00dfere Kinder auf ihrem Weg zu einer besseren Konzentration betreuen. Nachdem mir das urspr\u00fcngliche Belohnungssystem mit Plastikspielzeug nicht gef\u00e4llt, darf ich mich als erste Trainerin vorstellen, die mit einem Belohnungssystem in der Natur und mit Tieren arbeitet :-). <\/p>\n\n\n\n<figure class=\"wp-block-gallery columns-1 is-cropped wp-block-gallery-1 is-layout-flex wp-block-gallery-is-layout-flex\"><ul class=\"blocks-gallery-grid\"><li class=\"blocks-gallery-item\"><figure><img loading=\"lazy\" decoding=\"async\" width=\"768\" height=\"1024\" src=\"http:\/\/passia.de\/wp-content\/uploads\/2017\/12\/IMG_3315-768x1024.jpg\" alt=\"\" data-id=\"342\" data-full-url=\"http:\/\/passia.de\/wp-content\/uploads\/2017\/12\/IMG_3315.jpg\" data-link=\"http:\/\/passia.de\/?attachment_id=342#main\" class=\"wp-image-342\" srcset=\"https:\/\/passia.de\/wp-content\/uploads\/2017\/12\/IMG_3315-768x1024.jpg 768w, https:\/\/passia.de\/wp-content\/uploads\/2017\/12\/IMG_3315-225x300.jpg 225w, https:\/\/passia.de\/wp-content\/uploads\/2017\/12\/IMG_3315.jpg 1224w\" sizes=\"auto, (max-width: 768px) 100vw, 768px\" \/><\/figure><\/li><\/ul><\/figure>\n\n\n\n<p>Das Marbacher Konzentrationstraining arbeitet mit festgelegten Phasen w\u00e4hrend der Kurse, die 6 mal an aufeinanderfolgenden Terminen stattfinden. Die Kinder k\u00f6nnen sich so an einem festen Ablauf ausrichten und wissen, wann sie sich konzentrieren m\u00fcssen und wann sie spielen d\u00fcrfen. Die Spielphasen sind gerade so lang, wie die Kinder es ben\u00f6tigen, um wieder konzentriert zu arbeiten. Das Belohnungssystem soll den Kindern helfen sich anzustrengen und zu verbessen. Sie d\u00fcrfen dann bei mir unterschiedliche Dinge mit Pferden und Hunden, damit wir in der Natur sind und das Selbstbewu\u00dftsein gest\u00e4rkt wird. Die Belohungen werden den Kindern zum Start vorgestellt.<\/p>\n","protected":false},"excerpt":{"rendered":"<p>Als lizensierte Trainerin f\u00fcr das Marbacher Konzentrationstraining darf ich kleine und gr\u00f6\u00dfere Kinder auf ihrem Weg zu einer besseren Konzentration betreuen. Nachdem mir das urspr\u00fcngliche Belohnungssystem mit Plastikspielzeug nicht gef\u00e4llt, darf ich mich als erste Trainerin vorstellen, die mit einem Belohnungssystem in der Natur und mit Tieren arbeitet :-). Das Marbacher Konzentrationstraining arbeitet mit festgelegten Phasen w\u00e4hrend der Kurse, die 6 mal an aufeinanderfolgenden Terminen stattfinden. Die Kinder k\u00f6nnen sich so an einem festen Ablauf ausrichten und wissen, wann sie <a class=\"more-link\" href=\"https:\/\/passia.de\/?page_id=389\">weiterlesen&#8230;<\/a><\/p>\n","protected":false},"author":1,"featured_media":0,"parent":258,"menu_order":0,"comment_status":"closed","ping_status":"closed","template":"","meta":{"footnotes":""},"class_list":["post-389","page","type-page","status-publish","hentry"],"_links":{"self":[{"href":"https:\/\/passia.de\/index.php?rest_route=\/wp\/v2\/pages\/389","targetHints":{"allow":["GET"]}}],"collection":[{"href":"https:\/\/passia.de\/index.php?rest_route=\/wp\/v2\/pages"}],"about":[{"href":"https:\/\/passia.de\/index.php?rest_route=\/wp\/v2\/types\/page"}],"author":[{"embeddable":true,"href":"https:\/\/passia.de\/index.php?rest_route=\/wp\/v2\/users\/1"}],"replies":[{"embeddable":true,"href":"https:\/\/passia.de\/index.php?rest_route=%2Fwp%2Fv2%2Fcomments&post=389"}],"version-history":[{"count":1,"href":"https:\/\/passia.de\/index.php?rest_route=\/wp\/v2\/pages\/389\/revisions"}],"predecessor-version":[{"id":390,"href":"https:\/\/passia.de\/index.php?rest_route=\/wp\/v2\/pages\/389\/revisions\/390"}],"up":[{"embeddable":true,"href":"https:\/\/passia.de\/index.php?rest_route=\/wp\/v2\/pages\/258"}],"wp:attachment":[{"href":"https:\/\/passia.de\/index.php?rest_route=%2Fwp%2Fv2%2Fmedia&parent=389"}],"curies":[{"name":"wp","href":"https:\/\/api.w.org\/{rel}","templated":true}]}}