{"id":5,"date":"2016-08-14T10:14:05","date_gmt":"2016-08-14T10:14:05","guid":{"rendered":"http:\/\/passia.de\/?page_id=5"},"modified":"2020-02-27T12:29:05","modified_gmt":"2020-02-27T12:29:05","slug":"ueber-mich","status":"publish","type":"page","link":"https:\/\/passia.de\/?page_id=5","title":{"rendered":"\u00dcber mich"},"content":{"rendered":"<p style=\"padding-left: 30px;\"><img loading=\"lazy\" decoding=\"async\" class=\"size-medium wp-image-225 alignnone\" src=\"http:\/\/passia.de\/wp-content\/uploads\/2016\/08\/IMG_2598-e1496589682515-225x300.jpg\" alt=\"IMG_2598\" width=\"225\" height=\"300\" srcset=\"https:\/\/passia.de\/wp-content\/uploads\/2016\/08\/IMG_2598-e1496589682515-225x300.jpg 225w, https:\/\/passia.de\/wp-content\/uploads\/2016\/08\/IMG_2598-e1496589682515-768x1024.jpg 768w, https:\/\/passia.de\/wp-content\/uploads\/2016\/08\/IMG_2598-e1496589682515.jpg 960w\" sizes=\"auto, (max-width: 225px) 100vw, 225px\" \/><\/p>\n<p style=\"padding-left: 30px;\">Sch\u00f6n, dass ihr euch auf meine Seite verirrt habt. Ich freue mich euch kurz einen Einblick in mein Leben zu geben und noch mehr \u00fcber Anfragen eurerseits an mich.<\/p>\n<p><img loading=\"lazy\" decoding=\"async\" class=\"alignnone size-medium wp-image-65\" src=\"http:\/\/passia.de\/wp-content\/uploads\/2016\/08\/image-9-225x300.jpeg\" alt=\"image\" width=\"225\" height=\"300\" srcset=\"https:\/\/passia.de\/wp-content\/uploads\/2016\/08\/image-9-225x300.jpeg 225w, https:\/\/passia.de\/wp-content\/uploads\/2016\/08\/image-9.jpeg 480w\" sizes=\"auto, (max-width: 225px) 100vw, 225px\" \/><\/p>\n<p>Ich bin passionierte Reiterin und Pferdeliebhaberin seit ich denken kann. Ich hatte schon als Kind ein Pony und habe\u00a0\u00a0\u00a0\u00a0\u00a0\u00a0\u00a0\u00a0\u00a0\u00a0\u00a0 \u00a0 \u00a0 \u00a0 \u00a0 nun seit vielen Jahren meine beiden Pferde.<\/p>\n<p><img loading=\"lazy\" decoding=\"async\" class=\"size-medium wp-image-191 alignnone\" src=\"http:\/\/passia.de\/wp-content\/uploads\/2017\/03\/IMG_3400-e1489096841349-225x300.jpg\" alt=\"IMG_3400\" width=\"225\" height=\"300\" srcset=\"https:\/\/passia.de\/wp-content\/uploads\/2017\/03\/IMG_3400-e1489096841349-225x300.jpg 225w, https:\/\/passia.de\/wp-content\/uploads\/2017\/03\/IMG_3400-e1489096841349-768x1024.jpg 768w\" sizes=\"auto, (max-width: 225px) 100vw, 225px\" \/><\/p>\n<p>Nach meinem Studium zur Marketingmanagerin habe ich mich dazu entschlossen in die Selbst\u00e4ndigkeit zu wechseln und meinen Traum von der Arbeit mit Mensch und Tier zu verwirklichen.<\/p>\n<p>Meine Qualifikationen:<\/p>\n<ul>\n<li>zertifizierte Reittherapeutin<\/li>\n<li>Weiterbildung zur Fr\u00fchf\u00f6rderung<\/li>\n<li>Gel\u00e4nderittf\u00fchrerin VFD<\/li>\n<li>Abzeichen: LA5, Bodenarbeit, FA5, Reitpass<\/li>\n<li>Reitp\u00e4dagogin (derzeit noch in Arbeit)<\/li>\n<li>Trainerassistentin Reitsport FN<\/li>\n<li>zertifizierte Pferdeosteopathin<\/li>\n<li>Lymphdrainagetherapeutin (Pferd)<\/li>\n<li>Mykotherapeutin<\/li>\n<li>Personal Coach (zertifizierte Psychologische Beraterin)<\/li>\n<li>Meditationstrainerin<\/li>\n<li>Hypnosetherapeutin<\/li>\n<li>Yoga-, Mental-, Pers\u00f6nlichkeitstrainerin<\/li>\n<li>NLP Practitioner<\/li>\n<li>Resilienztrainerin<\/li>\n<li>Lerntherapeutin (Birkenbihl Practitioner)<\/li>\n<li>Legasthenie-\/Dyskalkulietrainerin<\/li>\n<li>Trainerin Marbacher Konzentrationstraining<\/li>\n<li>ausgebildete Energetikerin<\/li>\n<li>Tierkommunikatorin\/Radi\u00e4sthetin<\/li>\n<li>Ausbildung Thetafloating<\/li>\n<li>Weitere Ausbildung: Energetische Wirbels\u00e4ulenaufrichtung und Harmonisierung der Chakren und Nebenchakren<\/li>\n<\/ul>\n<p>Ich arbeite seit sehr vielen Jahren als Reitlehrerin und bilde mich st\u00e4ndig weiter, um nach FN Richtlinien und gesundheitsbewusst unterrichten zu k\u00f6nnen. Ich gebe Reittherapie, Einzelunterricht, Longenunterricht, Anf\u00e4ngerunterricht, Sitzschulungen, Starterkurse f\u00fcr kleine Kinder ab 3, Lern- und Konzentrationskurse, Spielstunden mit dem Pferd, Kurse zur St\u00e4rkung des Selbstbewusstseins und zur besseren Wahrnehmung der K\u00f6rpersprache, Coaching, Ausritte, Mottokurse und Ferienkurse.<\/p>\n<p>Nachdem mir das Zusammenspiel zwischen Tier und Mensch sehr wichtig ist und ich den Fokus darauf lege, habe ich mich dazu entschlossen mich zus\u00e4tzlich zur Reittherapie in anderen Segmenten weiterzubilden. F\u00fcr dieses Jahr m\u00f6chte ich die Reitp\u00e4dagogik abschlie\u00dfen und den Fokus auf mein Coachingangebot legen. Ich freue mich sehr auch in diesen Bereichen verst\u00e4rkt zu arbeiten.<\/p>\n<p><img loading=\"lazy\" decoding=\"async\" class=\"alignnone size-medium wp-image-70\" src=\"http:\/\/passia.de\/wp-content\/uploads\/2016\/08\/image-14-272x300.jpeg\" alt=\"image\" width=\"272\" height=\"300\" srcset=\"https:\/\/passia.de\/wp-content\/uploads\/2016\/08\/image-14-272x300.jpeg 272w, https:\/\/passia.de\/wp-content\/uploads\/2016\/08\/image-14.jpeg 391w\" sizes=\"auto, (max-width: 272px) 100vw, 272px\" \/><\/p>\n<p>Mein Thema:<\/p>\n<blockquote><p>Behandle jedes Tier, wie du selbst gern behandelt werden willst. Du kannst von den Pferden lernen ein besserer Mensch zu werden, wenn du die Augen \u00f6ffnest.<\/p><\/blockquote>\n<p>Bis bald \ud83d\ude42 !<\/p>\n","protected":false},"excerpt":{"rendered":"<p>Sch\u00f6n, dass ihr euch auf meine Seite verirrt habt. Ich freue mich euch kurz einen Einblick in mein Leben zu geben und noch mehr \u00fcber Anfragen eurerseits an mich. Ich bin passionierte Reiterin und Pferdeliebhaberin seit ich denken kann. Ich hatte schon als Kind ein Pony und habe\u00a0\u00a0\u00a0\u00a0\u00a0\u00a0\u00a0\u00a0\u00a0\u00a0\u00a0 \u00a0 \u00a0 \u00a0 \u00a0 nun seit vielen Jahren meine beiden Pferde. Nach meinem Studium zur Marketingmanagerin habe ich mich dazu entschlossen in die Selbst\u00e4ndigkeit zu wechseln und meinen Traum von der Arbeit <a class=\"more-link\" href=\"https:\/\/passia.de\/?page_id=5\">weiterlesen&#8230;<\/a><\/p>\n","protected":false},"author":1,"featured_media":0,"parent":0,"menu_order":0,"comment_status":"closed","ping_status":"closed","template":"","meta":{"footnotes":""},"class_list":["post-5","page","type-page","status-publish","hentry"],"_links":{"self":[{"href":"https:\/\/passia.de\/index.php?rest_route=\/wp\/v2\/pages\/5","targetHints":{"allow":["GET"]}}],"collection":[{"href":"https:\/\/passia.de\/index.php?rest_route=\/wp\/v2\/pages"}],"about":[{"href":"https:\/\/passia.de\/index.php?rest_route=\/wp\/v2\/types\/page"}],"author":[{"embeddable":true,"href":"https:\/\/passia.de\/index.php?rest_route=\/wp\/v2\/users\/1"}],"replies":[{"embeddable":true,"href":"https:\/\/passia.de\/index.php?rest_route=%2Fwp%2Fv2%2Fcomments&post=5"}],"version-history":[{"count":14,"href":"https:\/\/passia.de\/index.php?rest_route=\/wp\/v2\/pages\/5\/revisions"}],"predecessor-version":[{"id":394,"href":"https:\/\/passia.de\/index.php?rest_route=\/wp\/v2\/pages\/5\/revisions\/394"}],"wp:attachment":[{"href":"https:\/\/passia.de\/index.php?rest_route=%2Fwp%2Fv2%2Fmedia&parent=5"}],"curies":[{"name":"wp","href":"https:\/\/api.w.org\/{rel}","templated":true}]}}