{"id":7,"date":"2016-08-14T10:14:30","date_gmt":"2016-08-14T10:14:30","guid":{"rendered":"http:\/\/passia.de\/?page_id=7"},"modified":"2016-11-23T08:43:38","modified_gmt":"2016-11-23T08:43:38","slug":"reitunterricht","status":"publish","type":"page","link":"https:\/\/passia.de\/?page_id=7","title":{"rendered":"F\u00fcr Kinder"},"content":{"rendered":"<p><img loading=\"lazy\" decoding=\"async\" class=\"alignnone size-medium wp-image-54\" src=\"http:\/\/passia.de\/wp-content\/uploads\/2016\/08\/image-169x300.jpeg\" alt=\"image\" width=\"169\" height=\"300\" srcset=\"https:\/\/passia.de\/wp-content\/uploads\/2016\/08\/image-169x300.jpeg 169w, https:\/\/passia.de\/wp-content\/uploads\/2016\/08\/image-576x1024.jpeg 576w, https:\/\/passia.de\/wp-content\/uploads\/2016\/08\/image.jpeg 720w\" sizes=\"auto, (max-width: 169px) 100vw, 169px\" \/><\/p>\n<p>Kinder liegen mir besonders am Herzen, sie sind unsere Zukunft und m\u00fcssen individuell\u00a0gef\u00f6rdert werden. Deshalb arbeite ich gerne mit ihnen zusammen auf eine\u00a0freundliche, ruhige Art. Wir alle kennen den lauten, herrischen Umgangston, wie\u00a0er fr\u00fcher Gang und G\u00e4be war. Das finde ich inzwischen \u00fcberholt, ich sehe dort keinen Lerneffekt\u00a0und setze den Fokus auf eine f\u00f6rdernde, verst\u00e4ndnisvolle Art.\u00a0Jedes meiner Reitkinder darf so lange Zeit f\u00fcr Lernschritte brauchen, wie es eben n\u00f6tig ist. Kinder sind\u00a0eines meiner Spezialbereiche, neben den Tieren.<\/p>\n<p>Ich bilde mich stetig weiter, unterrichte nach FN-Richtlinien mit starkem Einfluss reittherapeutischer Ans\u00e4tze und suche mir meine Informationen aber auch in anderen Bereichen, um den besten Unterricht zu bieten. Ich nehme auch schon ganz kleine Kinder auf. Bitte schreibt mir einfach, was ihr euch w\u00fcnscht f\u00fcr das Kind und wir machen gerne einen Termin, um uns kennenzulernen.<\/p>\n<p><img loading=\"lazy\" decoding=\"async\" class=\"alignnone size-medium wp-image-56\" src=\"http:\/\/passia.de\/wp-content\/uploads\/2016\/08\/image-2-300x225.jpeg\" alt=\"image\" width=\"300\" height=\"225\" srcset=\"https:\/\/passia.de\/wp-content\/uploads\/2016\/08\/image-2-300x225.jpeg 300w, https:\/\/passia.de\/wp-content\/uploads\/2016\/08\/image-2-768x576.jpeg 768w, https:\/\/passia.de\/wp-content\/uploads\/2016\/08\/image-2-1024x768.jpeg 1024w\" sizes=\"auto, (max-width: 300px) 100vw, 300px\" \/><\/p>\n<p>Meine Leistungen f\u00fcr Kinder sind:<\/p>\n<ul>\n<li>Reitunterricht<\/li>\n<li>Reittherapie f\u00fcr jegliche Krankheitsbilder und Defizite, auch Angst, Vertrauen erlernen, Emotionen f\u00fchlen,\u00a0 Entspannen lernen, usw.<\/li>\n<li>Ferienkurse mit Schwerpunkt &#8222;Beziehung zum Pferd&#8220;<\/li>\n<li>Einzelunterricht an der Longe und sp\u00e4ter ohne<\/li>\n<li>Bodenarbeit f\u00fcr Kinder<\/li>\n<li>Theorie (Hufschlagfiguren, Ausr\u00fcstung, usw.)<\/li>\n<li>Die Sprache der Pferde lernen und verstehen<\/li>\n<li>Sonderf\u00f6rderung je nach Problem (Sprachprobleme, usw.)<\/li>\n<li>Ponyf\u00fchren f\u00fcr kleine Kinder (gef\u00fchrte Ausritte im Gel\u00e4nde)<\/li>\n<li>Pony putzen und pflegen<\/li>\n<li>Umgang mit Pferden erfahren und erlernen<\/li>\n<\/ul>\n<p><img loading=\"lazy\" decoding=\"async\" class=\"alignnone size-medium wp-image-57\" src=\"http:\/\/passia.de\/wp-content\/uploads\/2016\/08\/image-3-300x225.jpeg\" alt=\"image\" width=\"300\" height=\"225\" srcset=\"https:\/\/passia.de\/wp-content\/uploads\/2016\/08\/image-3-300x225.jpeg 300w, https:\/\/passia.de\/wp-content\/uploads\/2016\/08\/image-3-768x576.jpeg 768w, https:\/\/passia.de\/wp-content\/uploads\/2016\/08\/image-3-1024x768.jpeg 1024w\" sizes=\"auto, (max-width: 300px) 100vw, 300px\" \/><\/p>\n","protected":false},"excerpt":{"rendered":"<p>Kinder liegen mir besonders am Herzen, sie sind unsere Zukunft und m\u00fcssen individuell\u00a0gef\u00f6rdert werden. Deshalb arbeite ich gerne mit ihnen zusammen auf eine\u00a0freundliche, ruhige Art. Wir alle kennen den lauten, herrischen Umgangston, wie\u00a0er fr\u00fcher Gang und G\u00e4be war. Das finde ich inzwischen \u00fcberholt, ich sehe dort keinen Lerneffekt\u00a0und setze den Fokus auf eine f\u00f6rdernde, verst\u00e4ndnisvolle Art.\u00a0Jedes meiner Reitkinder darf so lange Zeit f\u00fcr Lernschritte brauchen, wie es eben n\u00f6tig ist. Kinder sind\u00a0eines meiner Spezialbereiche, neben den Tieren. Ich bilde mich <a class=\"more-link\" href=\"https:\/\/passia.de\/?page_id=7\">weiterlesen&#8230;<\/a><\/p>\n","protected":false},"author":1,"featured_media":0,"parent":0,"menu_order":0,"comment_status":"closed","ping_status":"closed","template":"","meta":{"footnotes":""},"class_list":["post-7","page","type-page","status-publish","hentry"],"_links":{"self":[{"href":"https:\/\/passia.de\/index.php?rest_route=\/wp\/v2\/pages\/7","targetHints":{"allow":["GET"]}}],"collection":[{"href":"https:\/\/passia.de\/index.php?rest_route=\/wp\/v2\/pages"}],"about":[{"href":"https:\/\/passia.de\/index.php?rest_route=\/wp\/v2\/types\/page"}],"author":[{"embeddable":true,"href":"https:\/\/passia.de\/index.php?rest_route=\/wp\/v2\/users\/1"}],"replies":[{"embeddable":true,"href":"https:\/\/passia.de\/index.php?rest_route=%2Fwp%2Fv2%2Fcomments&post=7"}],"version-history":[{"count":7,"href":"https:\/\/passia.de\/index.php?rest_route=\/wp\/v2\/pages\/7\/revisions"}],"predecessor-version":[{"id":164,"href":"https:\/\/passia.de\/index.php?rest_route=\/wp\/v2\/pages\/7\/revisions\/164"}],"wp:attachment":[{"href":"https:\/\/passia.de\/index.php?rest_route=%2Fwp%2Fv2%2Fmedia&parent=7"}],"curies":[{"name":"wp","href":"https:\/\/api.w.org\/{rel}","templated":true}]}}